{"id":75,"date":"2024-08-18T14:27:54","date_gmt":"2024-08-18T12:27:54","guid":{"rendered":"https:\/\/mathildeskropsterapi.dk\/?page_id=75"},"modified":"2025-09-27T21:22:08","modified_gmt":"2025-09-27T19:22:08","slug":"behandlinger","status":"publish","type":"page","link":"https:\/\/mathildeskropsterapi.dk\/?page_id=75","title":{"rendered":"Behandlinger og priser"},"content":{"rendered":"\n<div class=\"wp-block-group alignfull has-global-padding is-layout-constrained wp-container-core-group-is-layout-669513ed wp-block-group-is-layout-constrained\" style=\"margin-top:0;margin-bottom:0;padding-top:var(--wp--preset--spacing--50);padding-right:var(--wp--preset--spacing--50);padding-bottom:var(--wp--preset--spacing--50);padding-left:var(--wp--preset--spacing--50)\">\n<div class=\"wp-block-group alignfull has-global-padding is-layout-constrained wp-container-core-group-is-layout-669513ed wp-block-group-is-layout-constrained\" style=\"margin-top:0;margin-bottom:0;padding-top:var(--wp--preset--spacing--50);padding-right:var(--wp--preset--spacing--50);padding-bottom:var(--wp--preset--spacing--50);padding-left:var(--wp--preset--spacing--50)\">\n<div class=\"wp-block-group alignwide has-base-2-background-color has-background has-global-padding is-layout-constrained wp-container-core-group-is-layout-a151063b wp-block-group-is-layout-constrained tw-block-animation tw-animation-fade-in-up\" style=\"border-radius:16px;padding-top:var(--wp--preset--spacing--50);padding-right:var(--wp--preset--spacing--40);padding-bottom:var(--wp--preset--spacing--50);padding-left:var(--wp--preset--spacing--40)\">\n<div class=\"wp-block-group alignwide is-vertical is-content-justification-stretch is-layout-flex wp-container-core-group-is-layout-353c4f5a wp-block-group-is-layout-flex\">\n<h2 class=\"wp-block-heading has-text-align-center\">Kropsterapi<\/h2>\n<\/div>\n\n\n\n<div style=\"height:var(--wp--preset--spacing--30)\" aria-hidden=\"true\" class=\"wp-block-spacer\"><\/div>\n\n\n\n<div class=\"wp-block-columns alignwide is-layout-flex wp-container-core-columns-is-layout-3e6d1e9e wp-block-columns-is-layout-flex\">\n<div class=\"wp-block-column is-layout-flow wp-block-column-is-layout-flow\" style=\"border-top-color:var(--wp--preset--color--contrast);border-top-width:2px;padding-top:var(--wp--preset--spacing--30);padding-right:var(--wp--preset--spacing--30);padding-bottom:var(--wp--preset--spacing--10);padding-left:var(--wp--preset--spacing--30)\">\n<div class=\"wp-block-group is-vertical is-content-justification-stretch is-layout-flex wp-container-core-group-is-layout-353c4f5a wp-block-group-is-layout-flex\">\n<p style=\"font-size:17px;line-height:1.6\">Kropsterapi er baseret p\u00e5 anerkendte massage- og \u00e5ndedr\u00e6tsteknikker. Ved hj\u00e6lp af zonepunkter, tryk og pulsering (bev\u00e6gelse) kan kroppen blive l\u00f8snet for eventuelle smerter og \u00f8mheder.<\/p>\n\n\n\n<p style=\"font-size:17px;line-height:1.6\">Kropsterapi bygger p\u00e5 id\u00e9en om, at kroppen og sindet h\u00e6nger t\u00e6t sammen, og at fysiske sp\u00e6ndinger ofte er relateret til f\u00f8lelsesm\u00e6ssige oplevelser. <\/p>\n\n\n\n<p style=\"font-size:17px;line-height:1.6\">Der er fokus p\u00e5 dit \u00e5ndedr\u00e6t for at skabe ro samt forbinde krop og sind samtidig med, at jeg skaber et rum til, at du kan v\u00e6re hele dig uden at skulle pr\u00e6stere eller v\u00e6re noget bestemt. <\/p>\n\n\n\n<hr class=\"wp-block-separator has-text-color has-contrast-3-color has-alpha-channel-opacity has-contrast-3-background-color has-background is-style-wide\"\/>\n\n\n\n<p class=\"has-text-align-left\">Kropsterapi kan for nogle v\u00e6re med til at behandle f.eks. stress, fysiske smerter og sp\u00e6ndinger, mens det for andre kan v\u00e6re et element til velv\u00e6re og et frirum i hverdagens g\u00f8ren.<\/p>\n\n\n\n<hr class=\"wp-block-separator has-text-color has-contrast-3-color has-alpha-channel-opacity has-contrast-3-background-color has-background is-style-wide\"\/>\n\n\n\n<p class=\"has-text-align-left\">Ved en kropsterapeutisk behandling vil du ligge p\u00e5 en massagebriks if\u00f8rt undert\u00f8j med t\u00e6ppe over dig og opleve, at hver enkel behandling er unik. Det betyder, at behandlingen varierer fra gang til gang alt afh\u00e6ngig af, hvordan dit fysiske og mentale helbred har det p\u00e5 det p\u00e5g\u00e6ldende tidspunkt.<\/p>\n<\/div>\n\n\n\n<div style=\"height:var(--wp--preset--spacing--10)\" aria-hidden=\"true\" class=\"wp-block-spacer\"><\/div>\n\n\n\n<div class=\"wp-block-buttons is-content-justification-center is-layout-flex wp-container-core-buttons-is-layout-a89b3969 wp-block-buttons-is-layout-flex\">\n<div class=\"wp-block-button has-custom-width wp-block-button__width-100 is-style-fill\"><a class=\"wp-block-button__link has-custom-font-size wp-element-button\" href=\"https:\/\/mathildes-kropsterapi.planway.com\" style=\"font-size:15px\" target=\"_blank\" rel=\"noreferrer noopener\">550 kr. for 60 min. eller 790 kr. for 90 min. <\/a><\/div>\n<\/div>\n<\/div>\n\n\n\n<div class=\"wp-block-column is-layout-flow wp-block-column-is-layout-flow\" style=\"border-top-color:var(--wp--preset--color--contrast-3);border-top-width:1px;padding-top:var(--wp--preset--spacing--30);padding-right:var(--wp--preset--spacing--30);padding-bottom:var(--wp--preset--spacing--10);padding-left:var(--wp--preset--spacing--30)\">\n<div style=\"height:var(--wp--preset--spacing--10)\" aria-hidden=\"true\" class=\"wp-block-spacer\"><\/div>\n\n\n\n<div class=\"wp-block-group is-vertical is-content-justification-stretch is-layout-flex wp-container-core-group-is-layout-353c4f5a wp-block-group-is-layout-flex\">\n<figure class=\"wp-block-image size-large is-style-rounded is-style-rounded--1\"><img loading=\"lazy\" decoding=\"async\" width=\"768\" height=\"1024\" src=\"https:\/\/mathildeskropsterapi.dk\/wp-content\/uploads\/2024\/08\/9414ED4B-2D75-4E7A-BB7A-9392514A3740-768x1024.jpeg\" alt=\"\" class=\"wp-image-8\" srcset=\"https:\/\/mathildeskropsterapi.dk\/wp-content\/uploads\/2024\/08\/9414ED4B-2D75-4E7A-BB7A-9392514A3740-768x1024.jpeg 768w, https:\/\/mathildeskropsterapi.dk\/wp-content\/uploads\/2024\/08\/9414ED4B-2D75-4E7A-BB7A-9392514A3740-225x300.jpeg 225w, https:\/\/mathildeskropsterapi.dk\/wp-content\/uploads\/2024\/08\/9414ED4B-2D75-4E7A-BB7A-9392514A3740-1152x1536.jpeg 1152w, https:\/\/mathildeskropsterapi.dk\/wp-content\/uploads\/2024\/08\/9414ED4B-2D75-4E7A-BB7A-9392514A3740.jpeg 1368w\" sizes=\"auto, (max-width: 768px) 100vw, 768px\" \/><\/figure>\n<\/div>\n\n\n\n<div style=\"height:16px\" aria-hidden=\"true\" class=\"wp-block-spacer\"><\/div>\n<\/div>\n<\/div>\n<\/div>\n<\/div>\n\n\n\n<div class=\"wp-block-group alignfull has-global-padding is-layout-constrained wp-container-core-group-is-layout-669513ed wp-block-group-is-layout-constrained\" style=\"margin-top:0;margin-bottom:0;padding-top:var(--wp--preset--spacing--50);padding-right:var(--wp--preset--spacing--50);padding-bottom:var(--wp--preset--spacing--50);padding-left:var(--wp--preset--spacing--50)\">\n<div class=\"wp-block-group alignwide has-base-2-background-color has-background has-global-padding is-layout-constrained wp-container-core-group-is-layout-a151063b wp-block-group-is-layout-constrained tw-block-animation tw-animation-fade-in-up\" style=\"border-radius:16px;padding-top:var(--wp--preset--spacing--50);padding-right:var(--wp--preset--spacing--40);padding-bottom:var(--wp--preset--spacing--50);padding-left:var(--wp--preset--spacing--40)\">\n<div class=\"wp-block-group alignwide is-vertical is-content-justification-stretch is-layout-flex wp-container-core-group-is-layout-353c4f5a wp-block-group-is-layout-flex\">\n<h2 class=\"wp-block-heading has-text-align-center\">Japansk Lifting<\/h2>\n<\/div>\n\n\n\n<div style=\"height:var(--wp--preset--spacing--30)\" aria-hidden=\"true\" class=\"wp-block-spacer\"><\/div>\n\n\n\n<div class=\"wp-block-columns alignwide is-layout-flex wp-container-core-columns-is-layout-3e6d1e9e wp-block-columns-is-layout-flex\">\n<div class=\"wp-block-column is-layout-flow wp-block-column-is-layout-flow\" style=\"border-top-color:var(--wp--preset--color--contrast);border-top-width:2px;padding-top:var(--wp--preset--spacing--30);padding-right:var(--wp--preset--spacing--30);padding-bottom:var(--wp--preset--spacing--10);padding-left:var(--wp--preset--spacing--30)\">\n<div class=\"wp-block-group is-vertical is-content-justification-stretch is-layout-flex wp-container-core-group-is-layout-353c4f5a wp-block-group-is-layout-flex\">\n<p style=\"font-size:17px;line-height:1.6\">Japansk Lifting er en ansigtsbehandling, der kombinerer ansigtszoneterapi, lymfedr\u00e6nage, akupressur og ansigtsmassage for at opn\u00e5 en \u00f8get blodcirkulation, der kan give gl\u00f8d i ansigtet. Nogle kan ved vedvarende behandlinger se en opstrammende og foryngende effekt.<\/p>\n\n\n\n<hr class=\"wp-block-separator has-text-color has-contrast-3-color has-alpha-channel-opacity has-contrast-3-background-color has-background is-style-wide\"\/>\n\n\n\n<p class=\"has-text-align-left\">Behandlingen er dejlig afstressende med en kombination af hurtige og langsomme bev\u00e6gelser samt dybe massageteknikker for at hj\u00e6lpe til et friskere og mere afslappende udseende.<\/p>\n\n\n\n<hr class=\"wp-block-separator has-text-color has-contrast-3-color has-alpha-channel-opacity has-contrast-3-background-color has-background is-style-wide\"\/>\n\n\n\n<p class=\"has-text-align-left\">En behandling best\u00e5r af: <\/p>\n\n\n\n<ul start=\"1\" style=\"text-decoration:none\" class=\"wp-block-list is-style-default\">\n<li style=\"font-size:17px;line-height:1.6\">afrensning af huden<\/li>\n\n\n\n<li style=\"font-size:17px;line-height:1.6\">massage, herunder akupressur og lymfedr\u00e6nage<\/li>\n\n\n\n<li style=\"font-size:17px\">skulder- og nakkemassage<\/li>\n\n\n\n<li style=\"font-size:17px\">aromaterapi<\/li>\n\n\n\n<li style=\"font-size:17px\">Himalaya saltkugler<\/li>\n\n\n\n<li style=\"font-size:17px\">faceroller<\/li>\n\n\n\n<li style=\"font-size:17px\">ansigtsmaske<\/li>\n\n\n\n<li>fodmassage, mens ansigtsmasken g\u00f8r sit kram<\/li>\n\n\n\n<li style=\"font-size:17px\">dagcreme<\/li>\n<\/ul>\n<\/div>\n\n\n\n<div style=\"height:var(--wp--preset--spacing--10)\" aria-hidden=\"true\" class=\"wp-block-spacer\"><\/div>\n\n\n\n<div class=\"wp-block-buttons is-content-justification-center is-layout-flex wp-container-core-buttons-is-layout-a89b3969 wp-block-buttons-is-layout-flex\">\n<div class=\"wp-block-button has-custom-width wp-block-button__width-100 is-style-fill\"><a class=\"wp-block-button__link has-custom-font-size wp-element-button\" href=\"https:\/\/mathildes-kropsterapi.planway.com\" style=\"font-size:15px\" target=\"_blank\" rel=\"noreferrer noopener\">550 kr. for 60 min.<\/a><\/div>\n<\/div>\n<\/div>\n\n\n\n<div class=\"wp-block-column is-layout-flow wp-block-column-is-layout-flow\" style=\"border-top-color:var(--wp--preset--color--contrast-3);border-top-width:1px;padding-top:var(--wp--preset--spacing--30);padding-right:var(--wp--preset--spacing--30);padding-bottom:var(--wp--preset--spacing--10);padding-left:var(--wp--preset--spacing--30)\">\n<div class=\"wp-block-group is-vertical is-content-justification-stretch is-layout-flex wp-container-core-group-is-layout-353c4f5a wp-block-group-is-layout-flex\">\n<figure class=\"wp-block-image size-large is-style-rounded is-style-rounded--2\"><img loading=\"lazy\" decoding=\"async\" width=\"682\" height=\"1024\" src=\"https:\/\/mathildeskropsterapi.dk\/wp-content\/uploads\/2024\/08\/Beige-Aesthetic-Mood-Photo-Collage-682x1024.jpg\" alt=\"\" class=\"wp-image-450\" srcset=\"https:\/\/mathildeskropsterapi.dk\/wp-content\/uploads\/2024\/08\/Beige-Aesthetic-Mood-Photo-Collage-682x1024.jpg 682w, https:\/\/mathildeskropsterapi.dk\/wp-content\/uploads\/2024\/08\/Beige-Aesthetic-Mood-Photo-Collage-200x300.jpg 200w, https:\/\/mathildeskropsterapi.dk\/wp-content\/uploads\/2024\/08\/Beige-Aesthetic-Mood-Photo-Collage-768x1152.jpg 768w, https:\/\/mathildeskropsterapi.dk\/wp-content\/uploads\/2024\/08\/Beige-Aesthetic-Mood-Photo-Collage-1024x1536.jpg 1024w, https:\/\/mathildeskropsterapi.dk\/wp-content\/uploads\/2024\/08\/Beige-Aesthetic-Mood-Photo-Collage.jpg 1333w\" sizes=\"auto, (max-width: 682px) 100vw, 682px\" \/><\/figure>\n<\/div>\n\n\n\n<div style=\"height:16px\" aria-hidden=\"true\" class=\"wp-block-spacer\"><\/div>\n<\/div>\n<\/div>\n<\/div>\n<\/div>\n\n\n\n<div class=\"wp-block-group alignfull has-global-padding is-layout-constrained wp-container-core-group-is-layout-669513ed wp-block-group-is-layout-constrained\" style=\"margin-top:0;margin-bottom:0;padding-top:var(--wp--preset--spacing--50);padding-right:var(--wp--preset--spacing--50);padding-bottom:var(--wp--preset--spacing--50);padding-left:var(--wp--preset--spacing--50)\">\n<div class=\"wp-block-group alignwide has-base-2-background-color has-background has-global-padding is-layout-constrained wp-container-core-group-is-layout-a151063b wp-block-group-is-layout-constrained tw-block-animation tw-animation-fade-in-up\" style=\"border-radius:16px;padding-top:var(--wp--preset--spacing--50);padding-right:var(--wp--preset--spacing--40);padding-bottom:var(--wp--preset--spacing--50);padding-left:var(--wp--preset--spacing--40)\">\n<div class=\"wp-block-group alignwide is-vertical is-content-justification-stretch is-layout-flex wp-container-core-group-is-layout-353c4f5a wp-block-group-is-layout-flex\">\n<h2 class=\"wp-block-heading has-text-align-center\" style=\"font-size:clamp(24.034px, 1.502rem + ((1vw - 3.2px) * 1.663), 40px);\">Luksusbehandling<\/h2>\n<\/div>\n\n\n\n<div style=\"height:var(--wp--preset--spacing--30)\" aria-hidden=\"true\" class=\"wp-block-spacer\"><\/div>\n\n\n\n<div class=\"wp-block-columns alignwide is-layout-flex wp-container-core-columns-is-layout-3e6d1e9e wp-block-columns-is-layout-flex\">\n<div class=\"wp-block-column is-layout-flow wp-block-column-is-layout-flow\" style=\"border-top-color:var(--wp--preset--color--contrast);border-top-width:2px;padding-top:var(--wp--preset--spacing--30);padding-right:var(--wp--preset--spacing--30);padding-bottom:var(--wp--preset--spacing--10);padding-left:var(--wp--preset--spacing--30)\">\n<div class=\"wp-block-group is-vertical is-content-justification-stretch is-layout-flex wp-container-core-group-is-layout-353c4f5a wp-block-group-is-layout-flex\">\n<p style=\"font-size:17px;line-height:1.6\">Luksusbehandlingen, der kombinerer den pulserende massage, som l\u00f8sner op for sp\u00e6ndinger i din krop med den afstressende og beroligende ansigtsbehandling til lyden af rolig musik og duften af lavendel.<\/p>\n\n\n\n<hr class=\"wp-block-separator has-text-color has-contrast-3-color has-alpha-channel-opacity has-contrast-3-background-color has-background is-style-wide\"\/>\n\n\n\n<p class=\"has-text-align-left\">Behandlingen starter med 45 min. Kropsterapi efterfulgt af 45 min. Japansk Lifting. <\/p>\n\n\n\n<hr class=\"wp-block-separator has-text-color has-contrast-3-color has-alpha-channel-opacity has-contrast-3-background-color has-background is-style-wide\"\/>\n\n\n\n<p class=\"has-text-align-left\">Kombineret giver disse behandlinger en helhedsoplevelse, der b\u00e5de arbejder p\u00e5 det fysiske og mentale plan. Det er en luksusbehandling med ultimativ selvfork\u00e6lelse, hvor du kan opn\u00e5 indre ro og ydre fornyelse.<\/p>\n<\/div>\n\n\n\n<div style=\"height:var(--wp--preset--spacing--10)\" aria-hidden=\"true\" class=\"wp-block-spacer\"><\/div>\n\n\n\n<div class=\"wp-block-buttons is-content-justification-center is-layout-flex wp-container-core-buttons-is-layout-a89b3969 wp-block-buttons-is-layout-flex\">\n<div class=\"wp-block-button has-custom-width wp-block-button__width-100 is-style-fill\"><a class=\"wp-block-button__link has-custom-font-size wp-element-button\" href=\"https:\/\/mathildes-kropsterapi.planway.com\" style=\"font-size:15px\" target=\"_blank\" rel=\"noreferrer noopener\">790 kr. for 90 min.<\/a><\/div>\n<\/div>\n<\/div>\n\n\n\n<div class=\"wp-block-column is-layout-flow wp-block-column-is-layout-flow\" style=\"border-top-color:var(--wp--preset--color--contrast-3);border-top-width:1px;padding-top:var(--wp--preset--spacing--30);padding-right:var(--wp--preset--spacing--30);padding-bottom:var(--wp--preset--spacing--10);padding-left:var(--wp--preset--spacing--30)\">\n<div class=\"wp-block-group is-vertical is-content-justification-stretch is-layout-flex wp-container-core-group-is-layout-353c4f5a wp-block-group-is-layout-flex\">\n<figure class=\"wp-block-image size-large is-resized is-style-rounded is-style-rounded--3\"><img loading=\"lazy\" decoding=\"async\" width=\"1024\" height=\"1024\" src=\"https:\/\/mathildeskropsterapi.dk\/wp-content\/uploads\/2024\/08\/Jeg-kan-bedst-beskrive-effekten-fra-behandlingen-som-naar-man-gaar-fra-en-fodbehandling-hvor-det-foeles-som-om-man-svaever-paa-skyerne-1024x1024.png\" alt=\"\" class=\"wp-image-452\" style=\"width:485px;height:auto\" srcset=\"https:\/\/mathildeskropsterapi.dk\/wp-content\/uploads\/2024\/08\/Jeg-kan-bedst-beskrive-effekten-fra-behandlingen-som-naar-man-gaar-fra-en-fodbehandling-hvor-det-foeles-som-om-man-svaever-paa-skyerne-1024x1024.png 1024w, https:\/\/mathildeskropsterapi.dk\/wp-content\/uploads\/2024\/08\/Jeg-kan-bedst-beskrive-effekten-fra-behandlingen-som-naar-man-gaar-fra-en-fodbehandling-hvor-det-foeles-som-om-man-svaever-paa-skyerne-300x300.png 300w, https:\/\/mathildeskropsterapi.dk\/wp-content\/uploads\/2024\/08\/Jeg-kan-bedst-beskrive-effekten-fra-behandlingen-som-naar-man-gaar-fra-en-fodbehandling-hvor-det-foeles-som-om-man-svaever-paa-skyerne-150x150.png 150w, https:\/\/mathildeskropsterapi.dk\/wp-content\/uploads\/2024\/08\/Jeg-kan-bedst-beskrive-effekten-fra-behandlingen-som-naar-man-gaar-fra-en-fodbehandling-hvor-det-foeles-som-om-man-svaever-paa-skyerne-768x768.png 768w, https:\/\/mathildeskropsterapi.dk\/wp-content\/uploads\/2024\/08\/Jeg-kan-bedst-beskrive-effekten-fra-behandlingen-som-naar-man-gaar-fra-en-fodbehandling-hvor-det-foeles-som-om-man-svaever-paa-skyerne.png 1080w\" sizes=\"auto, (max-width: 1024px) 100vw, 1024px\" \/><\/figure>\n<\/div>\n\n\n\n<div style=\"height:16px\" aria-hidden=\"true\" class=\"wp-block-spacer\"><\/div>\n<\/div>\n<\/div>\n<\/div>\n<\/div>\n<\/div>\n","protected":false},"excerpt":{"rendered":"<p>Kropsterapi Kropsterapi er baseret p\u00e5 anerkendte massage- og \u00e5ndedr\u00e6tsteknikker. Ved hj\u00e6lp af zonepunkter, tryk og pulsering (bev\u00e6gelse) kan kroppen blive l\u00f8snet for eventuelle smerter og \u00f8mheder. Kropsterapi bygger p\u00e5 id\u00e9en om, at kroppen og sindet h\u00e6nger t\u00e6t sammen, og at fysiske sp\u00e6ndinger ofte er relateret til f\u00f8lelsesm\u00e6ssige oplevelser. Der er fokus p\u00e5 dit \u00e5ndedr\u00e6t for [&hellip;]<\/p>\n","protected":false},"author":1,"featured_media":0,"parent":0,"menu_order":2,"comment_status":"closed","ping_status":"closed","template":"","meta":{"footnotes":""},"class_list":["post-75","page","type-page","status-publish","hentry"],"_links":{"self":[{"href":"https:\/\/mathildeskropsterapi.dk\/index.php?rest_route=\/wp\/v2\/pages\/75","targetHints":{"allow":["GET"]}}],"collection":[{"href":"https:\/\/mathildeskropsterapi.dk\/index.php?rest_route=\/wp\/v2\/pages"}],"about":[{"href":"https:\/\/mathildeskropsterapi.dk\/index.php?rest_route=\/wp\/v2\/types\/page"}],"author":[{"embeddable":true,"href":"https:\/\/mathildeskropsterapi.dk\/index.php?rest_route=\/wp\/v2\/users\/1"}],"replies":[{"embeddable":true,"href":"https:\/\/mathildeskropsterapi.dk\/index.php?rest_route=%2Fwp%2Fv2%2Fcomments&post=75"}],"version-history":[{"count":60,"href":"https:\/\/mathildeskropsterapi.dk\/index.php?rest_route=\/wp\/v2\/pages\/75\/revisions"}],"predecessor-version":[{"id":573,"href":"https:\/\/mathildeskropsterapi.dk\/index.php?rest_route=\/wp\/v2\/pages\/75\/revisions\/573"}],"wp:attachment":[{"href":"https:\/\/mathildeskropsterapi.dk\/index.php?rest_route=%2Fwp%2Fv2%2Fmedia&parent=75"}],"curies":[{"name":"wp","href":"https:\/\/api.w.org\/{rel}","templated":true}]}}