{"id":7,"date":"2024-08-17T20:22:19","date_gmt":"2024-08-17T18:22:19","guid":{"rendered":"https:\/\/mathildeskropsterapi.dk\/?page_id=7"},"modified":"2025-09-27T21:17:39","modified_gmt":"2025-09-27T19:17:39","slug":"velkommen-til-mathildes-kropsterapi","status":"publish","type":"page","link":"https:\/\/mathildeskropsterapi.dk\/","title":{"rendered":"Velkommen til \nMathildes Kropsterapi"},"content":{"rendered":"\n<div class=\"wp-block-group alignfull has-accent-background-color has-background has-global-padding is-layout-constrained wp-block-group-is-layout-constrained\" style=\"line-height:2\">\n<div class=\"wp-block-group alignfull has-accent-background-color has-background has-global-padding is-layout-constrained wp-container-core-group-is-layout-669513ed wp-block-group-is-layout-constrained\" style=\"margin-top:0;margin-bottom:0;padding-top:var(--wp--preset--spacing--50);padding-right:var(--wp--preset--spacing--50);padding-bottom:var(--wp--preset--spacing--50);padding-left:var(--wp--preset--spacing--50)\">\n<div class=\"wp-block-columns alignwide is-layout-flex wp-container-core-columns-is-layout-eed4adda wp-block-columns-is-layout-flex\">\n<div class=\"wp-block-column has-global-padding is-layout-constrained wp-block-column-is-layout-constrained\" style=\"--col-width:100%;flex-basis:100%\">\n<div class=\"wp-block-media-text alignwide has-media-on-the-right is-stacked-on-mobile is-vertically-aligned-center tw-img-rounded tw-rounded is-style-tw-shadow has-accent-5-background-color has-background tw-block-animation tw-animation-fade-in-up\" style=\"margin-top:0;margin-right:0;margin-bottom:0;margin-left:0;padding-top:0;padding-right:0;padding-bottom:0;padding-left:0;font-style:normal;font-weight:500;grid-template-columns:auto 30%\"><div class=\"wp-block-media-text__content\">\n<div class=\"wp-block-group has-accent-5-background-color has-background is-layout-flow wp-block-group-is-layout-flow\" style=\"padding-top:2em;padding-right:2em;padding-bottom:2em;padding-left:2em\">\n<pre class=\"wp-block-verse has-accent-5-background-color has-background\" style=\"font-size:clamp(18px, 1.125rem + ((1vw - 3.2px) * 1.042), 28px);line-height:1.6\"><strong>Kroppen husker<\/strong> og lagrer fysiske samt f\u00f8lelsesm\u00e6ssige oplevelser. Kroppen b\u00e6rer p\u00e5 minder - ikke kun i hjernen, men ogs\u00e5 i muskler, v\u00e6v og nervesystem. For eksempel kan en person, der har v\u00e6ret udsat for en traumatisk oplevelse, ubevidst sp\u00e6nde op i bestemte dele af kroppen, n\u00e5r vedkommende konfronteres med situationer, der minder om det oprindelige traume. <\/pre>\n<\/div>\n<\/div><figure class=\"wp-block-media-text__media\"><img loading=\"lazy\" decoding=\"async\" width=\"540\" height=\"960\" src=\"https:\/\/mathildeskropsterapi.dk\/wp-content\/uploads\/2024\/08\/12.jpeg\" alt=\"\" class=\"wp-image-268 size-full\" srcset=\"https:\/\/mathildeskropsterapi.dk\/wp-content\/uploads\/2024\/08\/12.jpeg 540w, https:\/\/mathildeskropsterapi.dk\/wp-content\/uploads\/2024\/08\/12-169x300.jpeg 169w\" sizes=\"auto, (max-width: 540px) 100vw, 540px\" \/><\/figure><\/div>\n\n\n\n<div class=\"wp-block-media-text alignwide is-stacked-on-mobile is-vertically-aligned-center is-style-tw-shadow has-accent-background-color has-background\" style=\"grid-template-columns:34% auto\"><figure class=\"wp-block-media-text__media\"><img loading=\"lazy\" decoding=\"async\" width=\"682\" height=\"1024\" src=\"https:\/\/mathildeskropsterapi.dk\/wp-content\/uploads\/2024\/08\/IMG_4783-682x1024.jpeg\" alt=\"\" class=\"wp-image-465 size-full\" srcset=\"https:\/\/mathildeskropsterapi.dk\/wp-content\/uploads\/2024\/08\/IMG_4783-682x1024.jpeg 682w, https:\/\/mathildeskropsterapi.dk\/wp-content\/uploads\/2024\/08\/IMG_4783-200x300.jpeg 200w, https:\/\/mathildeskropsterapi.dk\/wp-content\/uploads\/2024\/08\/IMG_4783-768x1153.jpeg 768w, https:\/\/mathildeskropsterapi.dk\/wp-content\/uploads\/2024\/08\/IMG_4783-1023x1536.jpeg 1023w, https:\/\/mathildeskropsterapi.dk\/wp-content\/uploads\/2024\/08\/IMG_4783-1364x2048.jpeg 1364w, https:\/\/mathildeskropsterapi.dk\/wp-content\/uploads\/2024\/08\/IMG_4783-scaled.jpeg 1705w\" sizes=\"auto, (max-width: 682px) 100vw, 682px\" \/><\/figure><div class=\"wp-block-media-text__content\">\n<div class=\"wp-block-group has-accent-background-color has-background is-layout-flow wp-block-group-is-layout-flow tw-block-animation tw-animation-fade-in-up\" style=\"padding-top:2em;padding-right:2em;padding-bottom:2em;padding-left:2em\">\n<p id=\"mathildeskropsterapi\" style=\"font-size:clamp(18px, 1.125rem + ((1vw - 3.2px) * 1.042), 28px);line-height:1.4\">Hos Mathildes Kropsterapi inviterer jeg dig ind i et rum,         hvor <strong>ro, n\u00e6rv\u00e6r og omsorg<\/strong> er i centrum.<\/p>\n\n\n\n<p style=\"font-size:clamp(18px, 1.125rem + ((1vw - 3.2px) * 1.042), 28px);line-height:1.4\">Mit fokus er p\u00e5 helheden &#8211; p\u00e5 <em>dig som menneske<\/em>. Gennem holistiske behandlinger arbejder vi sammen for at skabe fornyet energi, indre ro og forh\u00e5bentlig <strong>st\u00f8rre livsgl\u00e6de<\/strong>.<\/p>\n\n\n\n<p style=\"font-size:clamp(18px, 1.125rem + ((1vw - 3.2px) * 1.042), 28px);line-height:1.4\"><\/p>\n\n\n\n<p style=\"font-size:clamp(18px, 1.125rem + ((1vw - 3.2px) * 1.042), 28px);line-height:1.4\">Uanset om du s\u00f8ger dybdeg\u00e5ende Kropsterapi, blid ansigtsbehandling som Japansk Lifting, eller en kombination af begge dele, er du i gode h\u00e6nder. Mine behandlinger tager udgangspunkt i <em>dine unikke behov<\/em>, s\u00e5 du kan finde tilbage til dine v\u00e6rdier og <strong>indre styrke<\/strong>.<\/p>\n\n\n\n<p style=\"font-size:clamp(18px, 1.125rem + ((1vw - 3.2px) * 1.042), 28px);line-height:1.4\"><\/p>\n\n\n\n<p style=\"font-size:clamp(18px, 1.125rem + ((1vw - 3.2px) * 1.042), 28px);line-height:1.4\">Jeg gl\u00e6der mig til at byde dig velkommen i mit lyse behandlerrum, hvor du kan <strong>genfinde kontakten til dig selv<\/strong>. <\/p>\n<\/div>\n<\/div><\/div>\n<\/div>\n<\/div>\n\n\n\n<p><\/p>\n\n\n\n<div class=\"wp-block-media-text alignwide has-media-on-the-right is-stacked-on-mobile is-vertically-aligned-center is-style-tw-shadow tw-img-rounded tw-rounded has-accent-5-background-color has-background tw-block-animation tw-animation-fade-in-up\" style=\"margin-top:0;margin-right:0;margin-bottom:0;margin-left:0;padding-top:0;padding-right:0;padding-bottom:0;padding-left:0;font-style:normal;font-weight:500;grid-template-columns:auto 33%\"><div class=\"wp-block-media-text__content\">\n<div class=\"wp-block-group has-accent-5-background-color has-background is-layout-flow wp-block-group-is-layout-flow\" style=\"padding-top:2em;padding-right:2em;padding-bottom:2em;padding-left:2em\">\n<p>Har du sp\u00f8rgm\u00e5l, ris eller ros, er du   velkommen til at sende mig en besked via kontaktformularen:<\/p>\n\n\n\n<div class=\"wp-block-group has-global-padding is-content-justification-left is-layout-constrained wp-container-core-group-is-layout-12dd3699 wp-block-group-is-layout-constrained\">\n<div class=\"wpcf7 no-js\" id=\"wpcf7-f257-o1\" lang=\"da-DK\" dir=\"ltr\" data-wpcf7-id=\"257\">\n<div class=\"screen-reader-response\"><p role=\"status\" aria-live=\"polite\" aria-atomic=\"true\"><\/p> <ul><\/ul><\/div>\n<form action=\"\/index.php?rest_route=%2Fwp%2Fv2%2Fpages%2F7#wpcf7-f257-o1\" method=\"post\" class=\"wpcf7-form init\" aria-label=\"Kontaktformular\" novalidate=\"novalidate\" data-status=\"init\">\n<fieldset class=\"hidden-fields-container\"><input type=\"hidden\" name=\"_wpcf7\" value=\"257\" \/><input type=\"hidden\" name=\"_wpcf7_version\" value=\"6.1.5\" \/><input type=\"hidden\" name=\"_wpcf7_locale\" value=\"da_DK\" \/><input type=\"hidden\" name=\"_wpcf7_unit_tag\" value=\"wpcf7-f257-o1\" \/><input type=\"hidden\" name=\"_wpcf7_container_post\" value=\"0\" \/><input type=\"hidden\" name=\"_wpcf7_posted_data_hash\" value=\"\" \/>\n<\/fieldset>\n<p><label> Dit navn<br \/>\n<span class=\"wpcf7-form-control-wrap\" data-name=\"your-name\"><input size=\"40\" maxlength=\"400\" class=\"wpcf7-form-control wpcf7-text wpcf7-validates-as-required\" autocomplete=\"name\" aria-required=\"true\" aria-invalid=\"false\" value=\"\" type=\"text\" name=\"your-name\" \/><\/span> <\/label>\n<\/p>\n<p><label> Din e-mail<br \/>\n<span class=\"wpcf7-form-control-wrap\" data-name=\"your-email\"><input size=\"40\" maxlength=\"400\" class=\"wpcf7-form-control wpcf7-email wpcf7-validates-as-required wpcf7-text wpcf7-validates-as-email\" autocomplete=\"email\" aria-required=\"true\" aria-invalid=\"false\" value=\"\" type=\"email\" name=\"your-email\" \/><\/span> <\/label>\n<\/p>\n<p><label> Emne<br \/>\n<span class=\"wpcf7-form-control-wrap\" data-name=\"your-subject\"><input size=\"40\" maxlength=\"400\" class=\"wpcf7-form-control wpcf7-text wpcf7-validates-as-required\" aria-required=\"true\" aria-invalid=\"false\" value=\"\" type=\"text\" name=\"your-subject\" \/><\/span> <\/label>\n<\/p>\n<p><label> Din besked<br \/>\n<span class=\"wpcf7-form-control-wrap\" data-name=\"your-message\"><textarea cols=\"40\" rows=\"10\" maxlength=\"2000\" class=\"wpcf7-form-control wpcf7-textarea\" aria-invalid=\"false\" name=\"your-message\"><\/textarea><\/span> <\/label>\n<\/p>\n<p><input class=\"wpcf7-form-control wpcf7-submit has-spinner\" type=\"submit\" value=\"Send\" \/>\n<\/p><p style=\"display: none !important;\" class=\"akismet-fields-container\" data-prefix=\"_wpcf7_ak_\"><label>&#916;<textarea name=\"_wpcf7_ak_hp_textarea\" cols=\"45\" rows=\"8\" maxlength=\"100\"><\/textarea><\/label><input type=\"hidden\" id=\"ak_js_1\" name=\"_wpcf7_ak_js\" value=\"64\"\/><script>\ndocument.getElementById( \"ak_js_1\" ).setAttribute( \"value\", ( new Date() ).getTime() );\n<\/script>\n<\/p><div class=\"wpcf7-response-output\" aria-hidden=\"true\"><\/div>\n<\/form>\n<\/div>\n\n<\/div>\n<\/div>\n<\/div><figure class=\"wp-block-media-text__media\"><img loading=\"lazy\" decoding=\"async\" width=\"757\" height=\"406\" src=\"https:\/\/mathildeskropsterapi.dk\/wp-content\/uploads\/2025\/09\/FB197363-3CBB-48FB-8762-DD5D25DB7CBC.jpeg\" alt=\"\" class=\"wp-image-569 size-full\" srcset=\"https:\/\/mathildeskropsterapi.dk\/wp-content\/uploads\/2025\/09\/FB197363-3CBB-48FB-8762-DD5D25DB7CBC.jpeg 757w, https:\/\/mathildeskropsterapi.dk\/wp-content\/uploads\/2025\/09\/FB197363-3CBB-48FB-8762-DD5D25DB7CBC-300x161.jpeg 300w\" sizes=\"auto, (max-width: 757px) 100vw, 757px\" \/><\/figure><\/div>\n<\/div>\n<\/div>\n","protected":false},"excerpt":{"rendered":"<p>Kroppen husker og lagrer fysiske samt f\u00f8lelsesm\u00e6ssige oplevelser. Kroppen b\u00e6rer p\u00e5 minder &#8211; ikke kun i hjernen, men ogs\u00e5 i muskler, v\u00e6v og nervesystem. For eksempel kan en person, der har v\u00e6ret udsat for en traumatisk oplevelse, ubevidst sp\u00e6nde op i bestemte dele af kroppen, n\u00e5r vedkommende konfronteres med situationer, der minder om det oprindelige [&hellip;]<\/p>\n","protected":false},"author":1,"featured_media":0,"parent":0,"menu_order":1,"comment_status":"closed","ping_status":"closed","template":"","meta":{"footnotes":""},"class_list":["post-7","page","type-page","status-publish","hentry"],"_links":{"self":[{"href":"https:\/\/mathildeskropsterapi.dk\/index.php?rest_route=\/wp\/v2\/pages\/7","targetHints":{"allow":["GET"]}}],"collection":[{"href":"https:\/\/mathildeskropsterapi.dk\/index.php?rest_route=\/wp\/v2\/pages"}],"about":[{"href":"https:\/\/mathildeskropsterapi.dk\/index.php?rest_route=\/wp\/v2\/types\/page"}],"author":[{"embeddable":true,"href":"https:\/\/mathildeskropsterapi.dk\/index.php?rest_route=\/wp\/v2\/users\/1"}],"replies":[{"embeddable":true,"href":"https:\/\/mathildeskropsterapi.dk\/index.php?rest_route=%2Fwp%2Fv2%2Fcomments&post=7"}],"version-history":[{"count":79,"href":"https:\/\/mathildeskropsterapi.dk\/index.php?rest_route=\/wp\/v2\/pages\/7\/revisions"}],"predecessor-version":[{"id":571,"href":"https:\/\/mathildeskropsterapi.dk\/index.php?rest_route=\/wp\/v2\/pages\/7\/revisions\/571"}],"wp:attachment":[{"href":"https:\/\/mathildeskropsterapi.dk\/index.php?rest_route=%2Fwp%2Fv2%2Fmedia&parent=7"}],"curies":[{"name":"wp","href":"https:\/\/api.w.org\/{rel}","templated":true}]}}