{"id":553,"date":"2024-11-26T21:19:00","date_gmt":"2024-11-26T20:19:00","guid":{"rendered":"https:\/\/mathildeskropsterapi.dk\/?page_id=553"},"modified":"2024-11-26T21:46:50","modified_gmt":"2024-11-26T20:46:50","slug":"gavekort","status":"publish","type":"page","link":"https:\/\/mathildeskropsterapi.dk\/?page_id=553","title":{"rendered":"Gavekort"},"content":{"rendered":"\n<p class=\"has-text-align-center\">Fork\u00e6l \u00e9n, som fortjener omsorg og en pause fra hverdagen.<\/p>\n\n\n\n<p><\/p>\n\n\n\n<figure class=\"wp-block-image size-large is-style-rounded is-style-rounded--1 tw-block-animation tw-animation-fade-in-up\"><img loading=\"lazy\" decoding=\"async\" width=\"1024\" height=\"721\" src=\"https:\/\/mathildeskropsterapi.dk\/wp-content\/uploads\/2024\/11\/Gavekort-1024x721.png\" alt=\"\" class=\"wp-image-555\" srcset=\"https:\/\/mathildeskropsterapi.dk\/wp-content\/uploads\/2024\/11\/Gavekort-1024x721.png 1024w, https:\/\/mathildeskropsterapi.dk\/wp-content\/uploads\/2024\/11\/Gavekort-300x211.png 300w, https:\/\/mathildeskropsterapi.dk\/wp-content\/uploads\/2024\/11\/Gavekort-768x541.png 768w, https:\/\/mathildeskropsterapi.dk\/wp-content\/uploads\/2024\/11\/Gavekort.png 1079w\" sizes=\"auto, (max-width: 1024px) 100vw, 1024px\" \/><\/figure>\n\n\n\n<p>K\u00f8b gavekort* her:   <\/p>\n\n\n\n<div class=\"wpcf7 no-js\" id=\"wpcf7-f560-o1\" lang=\"da-DK\" dir=\"ltr\" data-wpcf7-id=\"560\">\n<div class=\"screen-reader-response\"><p role=\"status\" aria-live=\"polite\" aria-atomic=\"true\"><\/p> <ul><\/ul><\/div>\n<form action=\"\/index.php?rest_route=%2Fwp%2Fv2%2Fpages%2F553#wpcf7-f560-o1\" method=\"post\" class=\"wpcf7-form init\" aria-label=\"Kontaktformular\" novalidate=\"novalidate\" data-status=\"init\">\n<fieldset class=\"hidden-fields-container\"><input type=\"hidden\" name=\"_wpcf7\" value=\"560\" \/><input type=\"hidden\" name=\"_wpcf7_version\" value=\"6.1.5\" \/><input type=\"hidden\" name=\"_wpcf7_locale\" value=\"da_DK\" \/><input type=\"hidden\" name=\"_wpcf7_unit_tag\" value=\"wpcf7-f560-o1\" \/><input type=\"hidden\" name=\"_wpcf7_container_post\" value=\"0\" \/><input type=\"hidden\" name=\"_wpcf7_posted_data_hash\" value=\"\" \/>\n<\/fieldset>\n<p><label> Dit navn<br \/>\n<span class=\"wpcf7-form-control-wrap\" data-name=\"your-name\"><input size=\"40\" maxlength=\"400\" class=\"wpcf7-form-control wpcf7-text wpcf7-validates-as-required\" autocomplete=\"name\" aria-required=\"true\" aria-invalid=\"false\" value=\"\" type=\"text\" name=\"your-name\" \/><\/span> <\/label>\n<\/p>\n<p><label> Din e-mail<br \/>\n<span class=\"wpcf7-form-control-wrap\" data-name=\"your-email\"><input size=\"40\" maxlength=\"400\" class=\"wpcf7-form-control wpcf7-email wpcf7-validates-as-required wpcf7-text wpcf7-validates-as-email\" autocomplete=\"email\" aria-required=\"true\" aria-invalid=\"false\" value=\"\" type=\"email\" name=\"your-email\" \/><\/span> <\/label>\n<\/p>\n<p><label> Dit mobilnummer<br \/>\n<span class=\"wpcf7-form-control-wrap\" data-name=\"your-mobilenumner\"><input size=\"40\" maxlength=\"400\" class=\"wpcf7-form-control wpcf7-text wpcf7-validates-as-required\" aria-required=\"true\" aria-invalid=\"false\" value=\"\" type=\"text\" name=\"your-mobilenumner\" \/><\/span> <\/label>\n<\/p>\n<p><label> Din besked<br \/>\n<span class=\"wpcf7-form-control-wrap\" data-name=\"text-615\"><input size=\"40\" maxlength=\"400\" class=\"wpcf7-form-control wpcf7-text wpcf7-validates-as-required\" aria-required=\"true\" aria-invalid=\"false\" value=\"\" type=\"text\" name=\"text-615\" \/><\/span><br \/>\n[Skriv gavekortmodtagerens navn, hvad gavekortets v\u00e6rdi skal v\u00e6re samt hvorn\u00e5r gavekortet gives] <\/label>\n<\/p>\n<p><input class=\"wpcf7-form-control wpcf7-submit has-spinner\" type=\"submit\" value=\"Send\" \/>\n<\/p><p style=\"display: none !important;\" class=\"akismet-fields-container\" data-prefix=\"_wpcf7_ak_\"><label>&#916;<textarea name=\"_wpcf7_ak_hp_textarea\" cols=\"45\" rows=\"8\" maxlength=\"100\"><\/textarea><\/label><input type=\"hidden\" id=\"ak_js_1\" name=\"_wpcf7_ak_js\" value=\"128\"\/><script>\ndocument.getElementById( \"ak_js_1\" ).setAttribute( \"value\", ( new Date() ).getTime() );\n<\/script>\n<\/p><div class=\"wpcf7-response-output\" aria-hidden=\"true\"><\/div>\n<\/form>\n<\/div>\n\n\n\n\n<p><\/p>\n\n\n\n<p>*Information om gavekortet:<\/p>\n\n\n\n<p>_______________________________________________________________________<\/p>\n\n\n\n<p>Gavekortet kan enten blive tilsendt til din mail, hvorefter du kan videresende eller printe det til modtageren &#8211; eller du kan afhente gavekortet i min klinik efter aftale i Korup, Odense NV. <\/p>\n\n\n\n<p>_______________________________________________________________________<\/p>\n\n\n\n<p>N\u00e5r du har trykket send, modtager jeg dit k\u00f8b af gavekort. Jeg anmoder derefter om, at du overf\u00f8rer det \u00f8nskede bel\u00f8b via MobilePay. Derefter f\u00e5r du tilsendt gavekortet via den oplyste mail, medmindre der aftales afhentning. <\/p>\n\n\n\n<p>_______________________________________________________________________<\/p>\n\n\n\n<p>Skriv endelig til mig, hvis du har sp\u00f8rgsm\u00e5l p\u00e5 SMS 20 47 06 15. <\/p>\n\n\n\n<p><\/p>\n","protected":false},"excerpt":{"rendered":"<p>Fork\u00e6l \u00e9n, som fortjener omsorg og en pause fra hverdagen. K\u00f8b gavekort* her: *Information om gavekortet: _______________________________________________________________________ Gavekortet kan enten blive tilsendt til din mail, hvorefter du kan videresende eller printe det til modtageren &#8211; eller du kan afhente gavekortet i min klinik efter aftale i Korup, Odense NV. _______________________________________________________________________ N\u00e5r du har trykket send, [&hellip;]<\/p>\n","protected":false},"author":1,"featured_media":0,"parent":0,"menu_order":0,"comment_status":"closed","ping_status":"closed","template":"","meta":{"footnotes":""},"class_list":["post-553","page","type-page","status-publish","hentry"],"_links":{"self":[{"href":"https:\/\/mathildeskropsterapi.dk\/index.php?rest_route=\/wp\/v2\/pages\/553","targetHints":{"allow":["GET"]}}],"collection":[{"href":"https:\/\/mathildeskropsterapi.dk\/index.php?rest_route=\/wp\/v2\/pages"}],"about":[{"href":"https:\/\/mathildeskropsterapi.dk\/index.php?rest_route=\/wp\/v2\/types\/page"}],"author":[{"embeddable":true,"href":"https:\/\/mathildeskropsterapi.dk\/index.php?rest_route=\/wp\/v2\/users\/1"}],"replies":[{"embeddable":true,"href":"https:\/\/mathildeskropsterapi.dk\/index.php?rest_route=%2Fwp%2Fv2%2Fcomments&post=553"}],"version-history":[{"count":7,"href":"https:\/\/mathildeskropsterapi.dk\/index.php?rest_route=\/wp\/v2\/pages\/553\/revisions"}],"predecessor-version":[{"id":567,"href":"https:\/\/mathildeskropsterapi.dk\/index.php?rest_route=\/wp\/v2\/pages\/553\/revisions\/567"}],"wp:attachment":[{"href":"https:\/\/mathildeskropsterapi.dk\/index.php?rest_route=%2Fwp%2Fv2%2Fmedia&parent=553"}],"curies":[{"name":"wp","href":"https:\/\/api.w.org\/{rel}","templated":true}]}}