{"id":504,"date":"2024-08-27T21:43:33","date_gmt":"2024-08-27T19:43:33","guid":{"rendered":"https:\/\/mathildeskropsterapi.dk\/?page_id=504"},"modified":"2024-08-27T21:43:33","modified_gmt":"2024-08-27T19:43:33","slug":"afbudspolitik","status":"publish","type":"page","link":"https:\/\/mathildeskropsterapi.dk\/?page_id=504","title":{"rendered":"Afbudspolitik"},"content":{"rendered":"\n<div class=\"wp-block-group alignfull has-accent-5-background-color has-background has-global-padding is-layout-constrained wp-container-core-group-is-layout-d89aad35 wp-block-group-is-layout-constrained\" style=\"margin-top:0;margin-bottom:0;padding-top:var(--wp--preset--spacing--50);padding-right:var(--wp--preset--spacing--50);padding-bottom:var(--wp--preset--spacing--50);padding-left:var(--wp--preset--spacing--50)\">\n<div class=\"wp-block-columns alignwide is-layout-flex wp-container-core-columns-is-layout-eed4adda wp-block-columns-is-layout-flex\">\n<div class=\"wp-block-column is-vertically-aligned-center is-layout-flow wp-block-column-is-layout-flow\" style=\"--col-width:60%;flex-basis:60%\">\n<figure class=\"wp-block-image size-full is-resized is-style-rounded wp-duotone-duotone-1 is-style-rounded--1\"><img loading=\"lazy\" decoding=\"async\" width=\"1705\" height=\"2560\" src=\"https:\/\/mathildeskropsterapi.dk\/wp-content\/uploads\/2024\/08\/IMG_4723-scaled.jpeg\" alt=\"\" class=\"wp-image-505\" style=\"aspect-ratio:1.3333333333333333;object-fit:cover;width:665px;height:auto\" srcset=\"https:\/\/mathildeskropsterapi.dk\/wp-content\/uploads\/2024\/08\/IMG_4723-scaled.jpeg 1705w, https:\/\/mathildeskropsterapi.dk\/wp-content\/uploads\/2024\/08\/IMG_4723-200x300.jpeg 200w, https:\/\/mathildeskropsterapi.dk\/wp-content\/uploads\/2024\/08\/IMG_4723-682x1024.jpeg 682w, https:\/\/mathildeskropsterapi.dk\/wp-content\/uploads\/2024\/08\/IMG_4723-768x1153.jpeg 768w, https:\/\/mathildeskropsterapi.dk\/wp-content\/uploads\/2024\/08\/IMG_4723-1023x1536.jpeg 1023w, https:\/\/mathildeskropsterapi.dk\/wp-content\/uploads\/2024\/08\/IMG_4723-1364x2048.jpeg 1364w\" sizes=\"auto, (max-width: 1705px) 100vw, 1705px\" \/><\/figure>\n<\/div>\n\n\n\n<div class=\"wp-block-column is-layout-flow wp-block-column-is-layout-flow\" style=\"--col-width:40%;flex-basis:40%\">\n<p>Jeg forst\u00e5r, at uforudsete omst\u00e6ndigheder kan opst\u00e5, og at det nogle gange kan v\u00e6re n\u00f8dvendigt at \u00e6ndre eller aflyse en aftale. For at sikre, at jeg kan tilbyde dig den bedst mulige service, og for at undg\u00e5 un\u00f8dige afbrydelser i min tidsplan, beder jeg dig venligst om at informere mig s\u00e5 tidligt som muligt, hvis du bliver n\u00f8dt til at aflyse eller \u00e6ndre din tid. Dette kan g\u00f8res med SMS p\u00e5 20 47 06 15 eller mail: mathildebolund@gmail.com.<\/p>\n\n\n\n<p><strong>Aflysning eller \u00e6ndring af aftale:<\/strong><\/p>\n\n\n\n<ul class=\"wp-block-list\">\n<li>Hvis du har behov for at \u00e6ndre eller aflyse din tid, beder jeg dig venligst om at g\u00f8re det mindst 24 timer f\u00f8r din aftalte tid.<\/li>\n\n\n\n<li>Aflysninger eller \u00e6ndringer, der sker senere end 24 timer f\u00f8r din tid, vil medf\u00f8re et afbestillingsgebyr p\u00e5 50 % af behandlingens pris. Dette gebyr d\u00e6kker den tid, jeg har afsat til dig, som ellers kunne v\u00e6re blevet givet til en anden klient.<\/li>\n<\/ul>\n\n\n\n<p>Jeg v\u00e6rds\u00e6tter din forst\u00e5else og h\u00e5ber p\u00e5 din fortsatte st\u00f8tte til at sikre, at jeg kan tilbyde alle mine klienter den bedst mulige service.<\/p>\n<\/div>\n<\/div>\n<\/div>\n","protected":false},"excerpt":{"rendered":"<p>Jeg forst\u00e5r, at uforudsete omst\u00e6ndigheder kan opst\u00e5, og at det nogle gange kan v\u00e6re n\u00f8dvendigt at \u00e6ndre eller aflyse en aftale. For at sikre, at jeg kan tilbyde dig den bedst mulige service, og for at undg\u00e5 un\u00f8dige afbrydelser i min tidsplan, beder jeg dig venligst om at informere mig s\u00e5 tidligt som muligt, hvis [&hellip;]<\/p>\n","protected":false},"author":1,"featured_media":0,"parent":0,"menu_order":0,"comment_status":"closed","ping_status":"closed","template":"","meta":{"footnotes":""},"class_list":["post-504","page","type-page","status-publish","hentry"],"_links":{"self":[{"href":"https:\/\/mathildeskropsterapi.dk\/index.php?rest_route=\/wp\/v2\/pages\/504","targetHints":{"allow":["GET"]}}],"collection":[{"href":"https:\/\/mathildeskropsterapi.dk\/index.php?rest_route=\/wp\/v2\/pages"}],"about":[{"href":"https:\/\/mathildeskropsterapi.dk\/index.php?rest_route=\/wp\/v2\/types\/page"}],"author":[{"embeddable":true,"href":"https:\/\/mathildeskropsterapi.dk\/index.php?rest_route=\/wp\/v2\/users\/1"}],"replies":[{"embeddable":true,"href":"https:\/\/mathildeskropsterapi.dk\/index.php?rest_route=%2Fwp%2Fv2%2Fcomments&post=504"}],"version-history":[{"count":1,"href":"https:\/\/mathildeskropsterapi.dk\/index.php?rest_route=\/wp\/v2\/pages\/504\/revisions"}],"predecessor-version":[{"id":506,"href":"https:\/\/mathildeskropsterapi.dk\/index.php?rest_route=\/wp\/v2\/pages\/504\/revisions\/506"}],"wp:attachment":[{"href":"https:\/\/mathildeskropsterapi.dk\/index.php?rest_route=%2Fwp%2Fv2%2Fmedia&parent=504"}],"curies":[{"name":"wp","href":"https:\/\/api.w.org\/{rel}","templated":true}]}}